{"id":4604,"date":"2024-11-27T22:14:51","date_gmt":"2024-11-27T21:14:51","guid":{"rendered":"https:\/\/andreiposse.com\/cursos\/?page_id=4604"},"modified":"2024-12-02T18:53:42","modified_gmt":"2024-12-02T17:53:42","slug":"club-jugando-a-vivir","status":"publish","type":"page","link":"https:\/\/andreiposse.com\/cursos\/club-jugando-a-vivir\/","title":{"rendered":"Club Jugando a Vivir"},"content":{"rendered":"\t\t<div data-elementor-type=\"wp-page\" data-elementor-id=\"4604\" class=\"elementor elementor-4604\" data-elementor-post-type=\"page\">\n\t\t\t\t<div class=\"elementor-element elementor-element-20aa9b9 e-flex e-con-boxed e-con e-parent\" data-id=\"20aa9b9\" data-element_type=\"container\" data-settings=\"{&quot;background_background&quot;:&quot;classic&quot;}\">\n\t\t\t\t\t<div class=\"e-con-inner\">\n\t\t<div class=\"elementor-element elementor-element-8acf190 e-con-full e-flex e-con e-child\" data-id=\"8acf190\" data-element_type=\"container\">\n\t\t\t\t<div class=\"elementor-element elementor-element-0f82314 elementor-widget elementor-widget-image\" data-id=\"0f82314\" data-element_type=\"widget\" data-widget_type=\"image.default\">\n\t\t\t\t<div class=\"elementor-widget-container\">\n\t\t\t\t\t\t\t\t\t\t\t\t\t<img decoding=\"async\" width=\"229\" height=\"129\" src=\"https:\/\/andreiposse.com\/cursos\/wp-content\/uploads\/2019\/05\/Recurso-3.png\" class=\"attachment-large size-large wp-image-4130\" alt=\"\" \/>\t\t\t\t\t\t\t\t\t\t\t\t\t<\/div>\n\t\t\t\t<\/div>\n\t\t\t\t<\/div>\n\t\t<div class=\"elementor-element elementor-element-da60b0b e-con-full e-flex e-con e-child\" data-id=\"da60b0b\" data-element_type=\"container\">\n\t\t\t\t<div class=\"elementor-element elementor-element-44930d2 elementor-nav-menu--stretch elementor-nav-menu--dropdown-tablet elementor-nav-menu__text-align-aside elementor-nav-menu--toggle elementor-nav-menu--burger elementor-widget elementor-widget-nav-menu\" data-id=\"44930d2\" data-element_type=\"widget\" data-settings=\"{&quot;full_width&quot;:&quot;stretch&quot;,&quot;layout&quot;:&quot;horizontal&quot;,&quot;submenu_icon&quot;:{&quot;value&quot;:&quot;&lt;svg class=\\&quot;e-font-icon-svg e-fas-caret-down\\&quot; viewBox=\\&quot;0 0 320 512\\&quot; xmlns=\\&quot;http:\\\/\\\/www.w3.org\\\/2000\\\/svg\\&quot;&gt;&lt;path d=\\&quot;M31.3 192h257.3c17.8 0 26.7 21.5 14.1 34.1L174.1 354.8c-7.8 7.8-20.5 7.8-28.3 0L17.2 226.1C4.6 213.5 13.5 192 31.3 192z\\&quot;&gt;&lt;\\\/path&gt;&lt;\\\/svg&gt;&quot;,&quot;library&quot;:&quot;fa-solid&quot;},&quot;toggle&quot;:&quot;burger&quot;}\" data-widget_type=\"nav-menu.default\">\n\t\t\t\t<div class=\"elementor-widget-container\">\n\t\t\t\t\t\t<nav aria-label=\"Menu\" class=\"elementor-nav-menu--main elementor-nav-menu__container elementor-nav-menu--layout-horizontal e--pointer-underline e--animation-fade\">\n\t\t\t\t<ul id=\"menu-1-44930d2\" class=\"elementor-nav-menu\"><li class=\"menu-item menu-item-type-post_type menu-item-object-page menu-item-home menu-item-4108\"><a href=\"https:\/\/andreiposse.com\/cursos\/\" class=\"elementor-item\">Inicio<\/a><\/li>\n<li class=\"menu-item menu-item-type-custom menu-item-object-custom menu-item-4109\"><a target=\"_blank\" href=\"https:\/\/comunidad.andreiposse.com\/\" class=\"elementor-item\">Comunidad<\/a><\/li>\n<li class=\"menu-item menu-item-type-custom menu-item-object-custom menu-item-has-children menu-item-4609\"><a href=\"#\" class=\"elementor-item elementor-item-anchor\">Productos<\/a>\n<ul class=\"sub-menu elementor-nav-menu--dropdown\">\n\t<li class=\"menu-item menu-item-type-post_type menu-item-object-page menu-item-4610\"><a href=\"https:\/\/andreiposse.com\/cursos\/club-jugando-a-vivir\/\" class=\"elementor-sub-item\">Club Jugando a Vivir<\/a><\/li>\n\t<li class=\"menu-item menu-item-type-custom menu-item-object-custom menu-item-5422\"><a href=\"https:\/\/andreiposse.com\/cursos\/2025elevo-mi-frecuencia\/\" class=\"elementor-sub-item\">Elevando tu Frecuencia<\/a><\/li>\n\t<li class=\"menu-item menu-item-type-post_type menu-item-object-page menu-item-4648\"><a href=\"https:\/\/andreiposse.com\/cursos\/la-fuente-de-la-riqueza\/\" class=\"elementor-sub-item\">La Fuente de la Riqueza<\/a><\/li>\n<\/ul>\n<\/li>\n<li class=\"menu-item menu-item-type-custom menu-item-object-custom menu-item-4570\"><a href=\"https:\/\/andreiposse.com\/miembros\/login\" class=\"elementor-item\">Log In<\/a><\/li>\n<\/ul>\t\t\t<\/nav>\n\t\t\t\t\t<div class=\"elementor-menu-toggle\" role=\"button\" tabindex=\"0\" aria-label=\"Menu Toggle\" aria-expanded=\"false\">\n\t\t\t<svg aria-hidden=\"true\" role=\"presentation\" class=\"elementor-menu-toggle__icon--open e-font-icon-svg e-eicon-menu-bar\" viewBox=\"0 0 1000 1000\" xmlns=\"http:\/\/www.w3.org\/2000\/svg\"><path d=\"M104 333H896C929 333 958 304 958 271S929 208 896 208H104C71 208 42 237 42 271S71 333 104 333ZM104 583H896C929 583 958 554 958 521S929 458 896 458H104C71 458 42 487 42 521S71 583 104 583ZM104 833H896C929 833 958 804 958 771S929 708 896 708H104C71 708 42 737 42 771S71 833 104 833Z\"><\/path><\/svg><svg aria-hidden=\"true\" role=\"presentation\" class=\"elementor-menu-toggle__icon--close e-font-icon-svg e-eicon-close\" viewBox=\"0 0 1000 1000\" xmlns=\"http:\/\/www.w3.org\/2000\/svg\"><path d=\"M742 167L500 408 258 167C246 154 233 150 217 150 196 150 179 158 167 167 154 179 150 196 150 212 150 229 154 242 171 254L408 500 167 742C138 771 138 800 167 829 196 858 225 858 254 829L496 587 738 829C750 842 767 846 783 846 800 846 817 842 829 829 842 817 846 804 846 783 846 767 842 750 829 737L588 500 833 258C863 229 863 200 833 171 804 137 775 137 742 167Z\"><\/path><\/svg>\t\t\t<span class=\"elementor-screen-only\">Menu<\/span>\n\t\t<\/div>\n\t\t\t\t\t<nav class=\"elementor-nav-menu--dropdown elementor-nav-menu__container\" aria-hidden=\"true\">\n\t\t\t\t<ul id=\"menu-2-44930d2\" class=\"elementor-nav-menu\"><li class=\"menu-item menu-item-type-post_type menu-item-object-page menu-item-home menu-item-4108\"><a href=\"https:\/\/andreiposse.com\/cursos\/\" class=\"elementor-item\" tabindex=\"-1\">Inicio<\/a><\/li>\n<li class=\"menu-item menu-item-type-custom menu-item-object-custom menu-item-4109\"><a target=\"_blank\" href=\"https:\/\/comunidad.andreiposse.com\/\" class=\"elementor-item\" tabindex=\"-1\">Comunidad<\/a><\/li>\n<li class=\"menu-item menu-item-type-custom menu-item-object-custom menu-item-has-children menu-item-4609\"><a href=\"#\" class=\"elementor-item elementor-item-anchor\" tabindex=\"-1\">Productos<\/a>\n<ul class=\"sub-menu elementor-nav-menu--dropdown\">\n\t<li class=\"menu-item menu-item-type-post_type menu-item-object-page menu-item-4610\"><a href=\"https:\/\/andreiposse.com\/cursos\/club-jugando-a-vivir\/\" class=\"elementor-sub-item\" tabindex=\"-1\">Club Jugando a Vivir<\/a><\/li>\n\t<li class=\"menu-item menu-item-type-custom menu-item-object-custom menu-item-5422\"><a href=\"https:\/\/andreiposse.com\/cursos\/2025elevo-mi-frecuencia\/\" class=\"elementor-sub-item\" tabindex=\"-1\">Elevando tu Frecuencia<\/a><\/li>\n\t<li class=\"menu-item menu-item-type-post_type menu-item-object-page menu-item-4648\"><a href=\"https:\/\/andreiposse.com\/cursos\/la-fuente-de-la-riqueza\/\" class=\"elementor-sub-item\" tabindex=\"-1\">La Fuente de la Riqueza<\/a><\/li>\n<\/ul>\n<\/li>\n<li class=\"menu-item menu-item-type-custom menu-item-object-custom menu-item-4570\"><a href=\"https:\/\/andreiposse.com\/miembros\/login\" class=\"elementor-item\" tabindex=\"-1\">Log In<\/a><\/li>\n<\/ul>\t\t\t<\/nav>\n\t\t\t\t<\/div>\n\t\t\t\t<\/div>\n\t\t\t\t<\/div>\n\t\t<div class=\"elementor-element elementor-element-9eba520 e-con-full elementor-hidden-tablet elementor-hidden-mobile e-flex e-con e-child\" data-id=\"9eba520\" data-element_type=\"container\">\n\t\t\t\t<\/div>\n\t\t\t\t\t<\/div>\n\t\t\t\t<\/div>\n\t\t<div class=\"elementor-element elementor-element-25f6cb55 e-flex e-con-boxed e-con e-parent\" data-id=\"25f6cb55\" data-element_type=\"container\" data-settings=\"{&quot;background_background&quot;:&quot;classic&quot;}\">\n\t\t\t\t\t<div class=\"e-con-inner\">\n\t\t\t\t<div class=\"elementor-element elementor-element-54247e05 elementor-widget elementor-widget-image\" data-id=\"54247e05\" data-element_type=\"widget\" data-widget_type=\"image.default\">\n\t\t\t\t<div class=\"elementor-widget-container\">\n\t\t\t\t\t\t\t\t\t\t\t\t\t<img decoding=\"async\" src=\"https:\/\/andreiposse.com\/wp-content\/uploads\/2024\/06\/b1eb3ce-f03d-0464-2b25-3507cb7f81f_9d062bf6-70ce-45ec-8e90-b84df80e374c.png\" title=\"\" alt=\"\" loading=\"lazy\" \/>\t\t\t\t\t\t\t\t\t\t\t\t\t<\/div>\n\t\t\t\t<\/div>\n\t\t\t\t<div class=\"elementor-element elementor-element-6078de42 elementor-widget elementor-widget-image\" data-id=\"6078de42\" data-element_type=\"widget\" data-widget_type=\"image.default\">\n\t\t\t\t<div class=\"elementor-widget-container\">\n\t\t\t\t\t\t\t\t\t\t\t\t\t<img decoding=\"async\" src=\"https:\/\/andreiposse.com\/wp-content\/uploads\/2024\/08\/e1aa7-307-5217-8d5-a47e8a2f8fcb_26accc2b-786a-4dba-ac9a-89f50fc69384.webp\" title=\"\" alt=\"\" loading=\"lazy\" \/>\t\t\t\t\t\t\t\t\t\t\t\t\t<\/div>\n\t\t\t\t<\/div>\n\t\t\t\t<div class=\"elementor-element elementor-element-2066f518 elementor-widget elementor-widget-heading\" data-id=\"2066f518\" data-element_type=\"widget\" data-widget_type=\"heading.default\">\n\t\t\t\t<div class=\"elementor-widget-container\">\n\t\t\t<h2 class=\"elementor-heading-title elementor-size-default\">UN CLUB CREADO PARA GENTE COMO T\u00da PORQUE...\n<\/h2>\t\t<\/div>\n\t\t\t\t<\/div>\n\t\t\t\t<div class=\"elementor-element elementor-element-7244c9d elementor-widget__width-initial elementor-widget-mobile__width-initial elementor-widget elementor-widget-heading\" data-id=\"7244c9d\" data-element_type=\"widget\" data-widget_type=\"heading.default\">\n\t\t\t\t<div class=\"elementor-widget-container\">\n\t\t\t<h1 class=\"elementor-heading-title elementor-size-default\">\u00a1Nunca Antes Fue <u>Tan F\u00e1cil<\/u> Manifestar!\n<\/h1>\t\t<\/div>\n\t\t\t\t<\/div>\n\t\t\t\t<div class=\"elementor-element elementor-element-512f6e7e elementor-widget elementor-widget-text-editor\" data-id=\"512f6e7e\" data-element_type=\"widget\" data-widget_type=\"text-editor.default\">\n\t\t\t\t<div class=\"elementor-widget-container\">\n\t\t\t\t\t\t\t<p>Si sos una persona decidida a\u00a0vivir la vida como un\u00a0<strong>juego<\/strong>, a crear momentos y\u00a0<strong>experiencias extraordinarias<\/strong>\u00a0y\u00a0que tus manifestaciones\u00a0<strong>perduren en el tiempo<\/strong>, este es el espacio que necesitas para\u00a0<strong>liberar<\/strong>\u00a0tu esencia reprimida y finalmente volver a\u00a0<strong>BRILLAR<\/strong>&#8230;<\/p>\t\t\t\t\t\t<\/div>\n\t\t\t\t<\/div>\n\t\t\t\t<div class=\"elementor-element elementor-element-5341920e elementor-align-center elementor-mobile-align-center elementor-widget__width-initial animated-slow elementor-invisible elementor-widget elementor-widget-button\" data-id=\"5341920e\" data-element_type=\"widget\" data-settings=\"{&quot;_animation&quot;:&quot;fadeInUp&quot;}\" data-widget_type=\"button.default\">\n\t\t\t\t<div class=\"elementor-widget-container\">\n\t\t\t\t\t\t\t<div class=\"elementor-button-wrapper\">\n\t\t\t\t\t<a class=\"elementor-button elementor-button-link elementor-size-sm elementor-animation-bob\" href=\"https:\/\/andreiposse.com\/miembros\/signup\/UWj5SrhiS\">\n\t\t\t\t\t\t<span class=\"elementor-button-content-wrapper\">\n\t\t\t\t\t\t\t\t\t<span class=\"elementor-button-text\">\u00a1QUIERO ACCEDER AL CLUB<\/span>\n\t\t\t\t\t<\/span>\n\t\t\t\t\t<\/a>\n\t\t\t\t<\/div>\n\t\t\t\t\t\t<\/div>\n\t\t\t\t<\/div>\n\t\t\t\t\t<\/div>\n\t\t\t\t<\/div>\n\t\t<div class=\"elementor-element elementor-element-3629b159 e-con-full e-flex e-con e-parent\" data-id=\"3629b159\" data-element_type=\"container\">\n\t\t<div class=\"elementor-element elementor-element-4227011f e-con-full e-flex e-con e-child\" data-id=\"4227011f\" data-element_type=\"container\" data-settings=\"{&quot;background_background&quot;:&quot;classic&quot;}\">\n\t\t<div class=\"elementor-element elementor-element-608fb69b e-con-full e-flex e-con e-child\" data-id=\"608fb69b\" data-element_type=\"container\">\n\t\t\t\t<div class=\"elementor-element elementor-element-3ef60f32 elementor-widget elementor-widget-heading\" data-id=\"3ef60f32\" data-element_type=\"widget\" data-widget_type=\"heading.default\">\n\t\t\t\t<div class=\"elementor-widget-container\">\n\t\t\t<h2 class=\"elementor-heading-title elementor-size-default\">5 Razones Para Unirte Al Club...\n<\/h2>\t\t<\/div>\n\t\t\t\t<\/div>\n\t\t\t\t<div class=\"elementor-element elementor-element-27336347 elementor-widget elementor-widget-text-editor\" data-id=\"27336347\" data-element_type=\"widget\" data-widget_type=\"text-editor.default\">\n\t\t\t\t<div class=\"elementor-widget-container\">\n\t\t\t\t\t\t\t<ol class=\"bullet-check-white\"><li>Gracias a tener una fuente constante de actividades direccionadas a elevar tu frecuencia y expandir tu consciencia,\u00a0<strong>tendr\u00e1s la chance de conseguir resultados exponenciales.<\/strong><\/li><li>Al ser parte de un movimiento para vivir jugando a una vida feliz, lograr\u00e1s mantenerte en una frecuencia elevada y\u00a0<b>compartir\u00e1s tu alegr\u00eda\u00a0con las personas que sean parte de tu vida<\/b>, regalando sonrisas y\u00a0<strong>creando momentos y experiencias extraordinarias<\/strong>\u00a0con la gente que amas.<\/li><li>La repetici\u00f3n de recibir contenido de alta frecuencia te servir\u00e1 de salvavidas\u00a0<strong>para volver a enfocar en tu versi\u00f3n creadora superior<\/strong>\u00a0y ayudar\u00e1 a que los momentos de autosabotajes sean cada vez m\u00e1s cortos hasta que no exista\u00a0otra posibilidad que disfrutar de la alegr\u00eda de vivir.<\/li><li>Tener un entorno de gente dedicada a vivir feliz har\u00e1 que no sientas la soledad en este\u00a0camino,\u00a0sino que\u00a0<strong>conocer\u00e1s personas que eligen no dejar que la vida pase sino que est\u00e1n constantemente construyendo una vida m\u00e1s abundante<\/strong>.\u00a0<\/li><li>Al tener desaf\u00edos pr\u00e1cticos, podr\u00e1s llevar la informaci\u00f3n a la acci\u00f3n,<strong>\u00a0generando cambios reales en tu d\u00eda a d\u00eda<\/strong>, creando h\u00e1bitos m\u00e1s elevados y transformando tus circunstancias para que vayan acompa\u00f1ando tu evoluci\u00f3n interior.<\/li><\/ol>\t\t\t\t\t\t<\/div>\n\t\t\t\t<\/div>\n\t\t\t\t<div class=\"elementor-element elementor-element-425231b5 elementor-align-center elementor-mobile-align-center elementor-widget__width-initial animated-slow elementor-invisible elementor-widget elementor-widget-button\" data-id=\"425231b5\" data-element_type=\"widget\" data-settings=\"{&quot;_animation&quot;:&quot;fadeInUp&quot;}\" data-widget_type=\"button.default\">\n\t\t\t\t<div class=\"elementor-widget-container\">\n\t\t\t\t\t\t\t<div class=\"elementor-button-wrapper\">\n\t\t\t\t\t<a class=\"elementor-button elementor-button-link elementor-size-sm elementor-animation-bob\" href=\"https:\/\/andreiposse.com\/miembros\/signup\/UWj5SrhiS\">\n\t\t\t\t\t\t<span class=\"elementor-button-content-wrapper\">\n\t\t\t\t\t\t\t\t\t<span class=\"elementor-button-text\">\u00a1QUIERO ACCEDER AL CLUB<\/span>\n\t\t\t\t\t<\/span>\n\t\t\t\t\t<\/a>\n\t\t\t\t<\/div>\n\t\t\t\t\t\t<\/div>\n\t\t\t\t<\/div>\n\t\t\t\t<\/div>\n\t\t\t\t<\/div>\n\t\t<div class=\"elementor-element elementor-element-1fa7f7e4 e-con-full e-flex e-con e-child\" data-id=\"1fa7f7e4\" data-element_type=\"container\" data-settings=\"{&quot;background_background&quot;:&quot;classic&quot;,&quot;background_motion_fx_motion_fx_scrolling&quot;:&quot;yes&quot;,&quot;background_motion_fx_translateY_effect&quot;:&quot;yes&quot;,&quot;background_motion_fx_translateY_speed&quot;:{&quot;unit&quot;:&quot;px&quot;,&quot;size&quot;:7,&quot;sizes&quot;:[]},&quot;background_motion_fx_translateY_affectedRange&quot;:{&quot;unit&quot;:&quot;%&quot;,&quot;size&quot;:&quot;&quot;,&quot;sizes&quot;:{&quot;start&quot;:0,&quot;end&quot;:100}},&quot;background_motion_fx_devices&quot;:[&quot;desktop&quot;,&quot;tablet&quot;,&quot;mobile&quot;]}\">\n\t\t\t\t<\/div>\n\t\t\t\t<\/div>\n\t\t<div class=\"elementor-element elementor-element-7e3ef987 e-flex e-con-boxed e-con e-parent\" data-id=\"7e3ef987\" data-element_type=\"container\" data-settings=\"{&quot;background_background&quot;:&quot;classic&quot;}\">\n\t\t\t\t\t<div class=\"e-con-inner\">\n\t\t<div class=\"elementor-element elementor-element-57625856 e-con-full e-flex e-con e-child\" data-id=\"57625856\" data-element_type=\"container\">\n\t\t\t\t<div class=\"elementor-element elementor-element-b9bb0e8 elementor-widget elementor-widget-heading\" data-id=\"b9bb0e8\" data-element_type=\"widget\" data-widget_type=\"heading.default\">\n\t\t\t\t<div class=\"elementor-widget-container\">\n\t\t\t<h2 class=\"elementor-heading-title elementor-size-default\">Soy Andrei Posse\n<\/h2>\t\t<\/div>\n\t\t\t\t<\/div>\n\t\t\t\t<div class=\"elementor-element elementor-element-437fdcd1 elementor-widget elementor-widget-text-editor\" data-id=\"437fdcd1\" data-element_type=\"widget\" data-widget_type=\"text-editor.default\">\n\t\t\t\t<div class=\"elementor-widget-container\">\n\t\t\t\t\t\t\t<p><span style=\"color: #30475e;\"><b>Entrenador emocional y mentor en Desarrollo Personal y Ley de Atracci\u00f3n.<\/b><\/span><\/p><p><span style=\"font-weight: 400;\">He ayudado a miles de personas a despertar su potencial humano y a lograr una transformaci\u00f3n trascendental en sus vidas,\u00a0<\/span><\/p><p><span style=\"font-weight: 400;\">Desde joven me sumerg\u00ed en la psicolog\u00eda, coaching y diferentes t\u00e9cnicas emocionales.<\/span><\/p><p><span style=\"font-weight: 400;\">En el 2020 frente a la pandemia de COVID-19 y al ver el sufrimiento de tantas personas, me embarqu\u00e9 en la misi\u00f3n de utilizar las redes sociales para compartir mis conocimientos y herramientas emocionales, para que las personas tengan acceso a un cambio en sus vidas.<\/span><\/p><p><span style=\"font-weight: 400;\">Gracias a mi contenido, eventos presenciales, cursos y meditaciones online, he llegado a m\u00e1s de 1 mill\u00f3n\u00a0 de seguidores en las diferentes redes como YouTube, Tik Tok e Instagram.<\/span><\/p><p><span style=\"font-weight: 400;\">Actualmente imparto capacitaciones a nivel nacional e internacional compartiendo mi m\u00e9todo y mis ense\u00f1anzas para una mejor calidad de vida.<\/span><\/p>\t\t\t\t\t\t<\/div>\n\t\t\t\t<\/div>\n\t\t\t\t<\/div>\n\t\t<div class=\"elementor-element elementor-element-4bda96b7 e-con-full e-flex e-con e-child\" data-id=\"4bda96b7\" data-element_type=\"container\">\n\t\t\t\t<div class=\"elementor-element elementor-element-2f632aee elementor-widget elementor-widget-image\" data-id=\"2f632aee\" data-element_type=\"widget\" data-widget_type=\"image.default\">\n\t\t\t\t<div class=\"elementor-widget-container\">\n\t\t\t\t\t\t\t\t\t\t\t\t\t<img decoding=\"async\" src=\"https:\/\/andreiposse.com\/wp-content\/uploads\/2024\/07\/bio-Andrei3-1.png\" title=\"\" alt=\"\" loading=\"lazy\" \/>\t\t\t\t\t\t\t\t\t\t\t\t\t<\/div>\n\t\t\t\t<\/div>\n\t\t\t\t<\/div>\n\t\t\t\t\t<\/div>\n\t\t\t\t<\/div>\n\t\t\t\t<section class=\"elementor-section elementor-top-section elementor-element elementor-element-6d99452 elementor-section-stretched elementor-section-boxed elementor-section-height-default elementor-section-height-default\" data-id=\"6d99452\" data-element_type=\"section\" data-settings=\"{&quot;stretch_section&quot;:&quot;section-stretched&quot;,&quot;background_background&quot;:&quot;classic&quot;}\">\n\t\t\t\t\t\t<div class=\"elementor-container elementor-column-gap-extended\">\n\t\t\t\t\t<div class=\"elementor-column elementor-col-100 elementor-top-column elementor-element elementor-element-51b355d\" data-id=\"51b355d\" data-element_type=\"column\">\n\t\t\t<div class=\"elementor-widget-wrap elementor-element-populated\">\n\t\t\t\t\t\t<div class=\"elementor-element elementor-element-9946dd4 elementor-widget__width-auto elementor-widget elementor-widget-text-editor\" data-id=\"9946dd4\" data-element_type=\"widget\" data-widget_type=\"text-editor.default\">\n\t\t\t\t<div class=\"elementor-widget-container\">\n\t\t\t\t\t\t\t<div class=\"widget-copyright dark\"><a href=\"https:\/\/andreiposse.com\/aviso-legal\/\" target=\"_blank\" rel=\"noopener\">Aviso Legal<\/a>\u00a0|\u00a0<a href=\"https:\/\/andreiposse.com\/aviso-de-privacidad\/\" target=\"_blank\" rel=\"noopener\">Aviso de Privacidad<\/a>\u00a0|\u00a0<a href=\"https:\/\/andreiposse.com\/politica-de-cookies\/\" target=\"_blank\" rel=\"noopener\">Pol\u00edtica de Cookies<\/a><\/div>\t\t\t\t\t\t<\/div>\n\t\t\t\t<\/div>\n\t\t\t\t\t<\/div>\n\t\t<\/div>\n\t\t\t\t\t<\/div>\n\t\t<\/section>\n\t\t\t\t<\/div>\n\t\t","protected":false},"excerpt":{"rendered":"<p>UN CLUB CREADO PARA GENTE COMO T\u00da PORQUE&#8230; \u00a1Nunca Antes Fue Tan F\u00e1cil Manifestar! Si sos una persona decidida a\u00a0vivir la vida como un\u00a0juego, a crear momentos y\u00a0experiencias extraordinarias\u00a0y\u00a0que tus manifestaciones\u00a0perduren en el tiempo, este es el espacio que necesitas para\u00a0liberar\u00a0tu esencia reprimida y finalmente volver a\u00a0BRILLAR&#8230; \u00a1QUIERO ACCEDER AL CLUB 5 Razones Para Unirte &hellip; <br \/><a href=\"https:\/\/andreiposse.com\/cursos\/club-jugando-a-vivir\/\" class=\"more-link\">Continue reading <span class=\"screen-reader-text\">Club Jugando a Vivir<\/span><\/a><\/p>\n","protected":false},"author":1,"featured_media":0,"parent":0,"menu_order":0,"comment_status":"closed","ping_status":"closed","template":"elementor_canvas","meta":{"footnotes":""},"class_list":["post-4604","page","type-page","status-publish","hentry"],"_links":{"self":[{"href":"https:\/\/andreiposse.com\/cursos\/wp-json\/wp\/v2\/pages\/4604","targetHints":{"allow":["GET"]}}],"collection":[{"href":"https:\/\/andreiposse.com\/cursos\/wp-json\/wp\/v2\/pages"}],"about":[{"href":"https:\/\/andreiposse.com\/cursos\/wp-json\/wp\/v2\/types\/page"}],"author":[{"embeddable":true,"href":"https:\/\/andreiposse.com\/cursos\/wp-json\/wp\/v2\/users\/1"}],"replies":[{"embeddable":true,"href":"https:\/\/andreiposse.com\/cursos\/wp-json\/wp\/v2\/comments?post=4604"}],"version-history":[{"count":16,"href":"https:\/\/andreiposse.com\/cursos\/wp-json\/wp\/v2\/pages\/4604\/revisions"}],"predecessor-version":[{"id":4698,"href":"https:\/\/andreiposse.com\/cursos\/wp-json\/wp\/v2\/pages\/4604\/revisions\/4698"}],"wp:attachment":[{"href":"https:\/\/andreiposse.com\/cursos\/wp-json\/wp\/v2\/media?parent=4604"}],"curies":[{"name":"wp","href":"https:\/\/api.w.org\/{rel}","templated":true}]}}